{"id":11,"date":"2017-03-06T16:00:08","date_gmt":"2017-03-06T15:00:08","guid":{"rendered":"http:\/\/schnauzervondergrauenprinzessin.de\/?page_id=11"},"modified":"2023-11-19T09:46:19","modified_gmt":"2023-11-19T08:46:19","slug":"ueber-uns","status":"publish","type":"page","link":"http:\/\/schnauzervondergrauenprinzessin.de\/?page_id=11","title":{"rendered":"\u00dcber uns"},"content":{"rendered":"<p>Wir sind eine tierliebende Familie und leben in Andernach am Rhein. Au\u00dfer unseren vier Schnauzerm\u00e4dels leben auch noch:<\/p>\n<p>Mia und Max, ein Graupapageienpaar, bei uns.<\/p>\n<p><img loading=\"lazy\" decoding=\"async\" class=\" wp-image-119\" src=\"http:\/\/schnauzervondergrauenprinzessin.de\/wp-content\/uploads\/2017\/06\/DSC00462-300x199.jpg\" alt=\"\" width=\"217\" height=\"144\" srcset=\"http:\/\/schnauzervondergrauenprinzessin.de\/wp-content\/uploads\/2017\/06\/DSC00462-300x199.jpg 300w, http:\/\/schnauzervondergrauenprinzessin.de\/wp-content\/uploads\/2017\/06\/DSC00462-150x100.jpg 150w, http:\/\/schnauzervondergrauenprinzessin.de\/wp-content\/uploads\/2017\/06\/DSC00462-768x510.jpg 768w, http:\/\/schnauzervondergrauenprinzessin.de\/wp-content\/uploads\/2017\/06\/DSC00462-1024x680.jpg 1024w\" sizes=\"auto, (max-width: 217px) 100vw, 217px\" \/><\/p>\n<p><img loading=\"lazy\" decoding=\"async\" class=\"wp-image-118 alignright\" src=\"http:\/\/schnauzervondergrauenprinzessin.de\/wp-content\/uploads\/2017\/06\/20150531_142132-300x169.jpg\" alt=\"\" width=\"217\" height=\"122\" srcset=\"http:\/\/schnauzervondergrauenprinzessin.de\/wp-content\/uploads\/2017\/06\/20150531_142132-300x169.jpg 300w, http:\/\/schnauzervondergrauenprinzessin.de\/wp-content\/uploads\/2017\/06\/20150531_142132-150x84.jpg 150w, http:\/\/schnauzervondergrauenprinzessin.de\/wp-content\/uploads\/2017\/06\/20150531_142132-768x432.jpg 768w, http:\/\/schnauzervondergrauenprinzessin.de\/wp-content\/uploads\/2017\/06\/20150531_142132-1024x576.jpg 1024w\" sizes=\"auto, (max-width: 217px) 100vw, 217px\" \/> <img loading=\"lazy\" decoding=\"async\" class=\"wp-image-120 alignnone\" src=\"http:\/\/schnauzervondergrauenprinzessin.de\/wp-content\/uploads\/2017\/06\/03032009472-300x225.jpg\" alt=\"\" width=\"217\" height=\"163\" srcset=\"http:\/\/schnauzervondergrauenprinzessin.de\/wp-content\/uploads\/2017\/06\/03032009472-300x225.jpg 300w, http:\/\/schnauzervondergrauenprinzessin.de\/wp-content\/uploads\/2017\/06\/03032009472-150x113.jpg 150w, http:\/\/schnauzervondergrauenprinzessin.de\/wp-content\/uploads\/2017\/06\/03032009472-768x576.jpg 768w, http:\/\/schnauzervondergrauenprinzessin.de\/wp-content\/uploads\/2017\/06\/03032009472-1024x768.jpg 1024w\" sizes=\"auto, (max-width: 217px) 100vw, 217px\" \/><\/p>\n<p>Andernach liegt in der N\u00e4he von Koblenz (in Rheinland-Pfalz), geh\u00f6rt zu einer der \u00e4ltesten Siedlungsfundstellen in Europa und ist bekannt f\u00fcr den\u00a0h\u00f6chsten Kaltwassergeysir der Erde.<\/p>\n<p>1997 kamen wir durch einen engen Kontakt zu den Z\u00fcchtern &#8222;von der Pewiz&#8220; auf schwarze Zwergschnauzer, die wir sofort lieben lernten. Auch zu dem Z\u00fcchter &#8222;von Avalon&#8220; entstand eine enge Freundschaft, so dass wir uns aus dem Wurf im Jahr 2000 von einem ganz besonderen Exemplar nicht trennen konnten und ihn nur allzu gerne in unserer Familie aufnahmen: Banshee von Avalon (Mutter Bodine von der Pewiz, Vater Stuy von der Pewiz).<\/p>\n<p>Bis 2014 durften wir gemeinsam mit ihm leben, mussten uns schweren Herzens aber von ihm verabschieden. Er fehlt uns noch immer jeden Tag sehr.<\/p>\n<p>2010 bekam Banshee lebhafte Gesellschaft durch Isa, eine pfeffer-salz H\u00fcndin. Diese Schnauzer-Dame wurde uns durch die Riesenschnauzer Nothilfe vermittelt und durfte anfangs auf unserem Binnenschiff leben. Seit 2013 ist sie wieder ein \u201eLandhund\u201c und genie\u00dft ihr Leben nun hier in unserem Haus mit Hof und Garten. Am 21. Oktober 2023 mussten wir Isa schweren Herzens gehen lassen.<\/p>\n<p>Komplettiert wurde das Trio im August 2012 durch unsere Holly vom Wiesensprung, eine Schnauzer-Prinzessin pfeffer-salz. Durch ihre liebevoll, freche und vorwitzige Art brachte sie uns neuen Schwung ins Leben und den Wunsch, dieses Wesen zu erhalten. Also entschieden wir uns mit ihr zu z\u00fcchten, da es mit unserer Isa leider nicht mehr m\u00f6glich ist.<br \/>\nDies konnten wir durch pers\u00f6nliche Umst\u00e4nde und R\u00fccksichtnahme auf Mensch und Tier erst 2016 umsetzen.<\/p>\n<p>Aus unserem A-Wurf sind dann Anastasia und Alice von der grauen Prinzessin, aus unserem B-Wurf Belle von der grauen Prinzessin,\u00a0 bei uns geblieben.<\/p>\n","protected":false},"excerpt":{"rendered":"<p>Wir sind eine tierliebende Familie und leben in Andernach am Rhein. Au\u00dfer unseren vier Schnauzerm\u00e4dels leben auch noch: Mia und Max, ein Graupapageienpaar, bei uns. Andernach liegt in der N\u00e4he von Koblenz (in Rheinland-Pfalz), geh\u00f6rt zu einer der \u00e4ltesten Siedlungsfundstellen in Europa und ist bekannt f\u00fcr den\u00a0h\u00f6chsten Kaltwassergeysir der Erde. 1997 kamen wir durch einen &hellip; <\/p>\n<p class=\"link-more\"><a href=\"http:\/\/schnauzervondergrauenprinzessin.de\/?page_id=11\" class=\"more-link\"><span class=\"screen-reader-text\">\u201e\u00dcber uns\u201c <\/span>weiterlesen<\/a><\/p>\n","protected":false},"author":1,"featured_media":0,"parent":0,"menu_order":1,"comment_status":"closed","ping_status":"closed","template":"","meta":{"footnotes":""},"class_list":["post-11","page","type-page","status-publish","hentry"],"_links":{"self":[{"href":"http:\/\/schnauzervondergrauenprinzessin.de\/index.php?rest_route=\/wp\/v2\/pages\/11","targetHints":{"allow":["GET"]}}],"collection":[{"href":"http:\/\/schnauzervondergrauenprinzessin.de\/index.php?rest_route=\/wp\/v2\/pages"}],"about":[{"href":"http:\/\/schnauzervondergrauenprinzessin.de\/index.php?rest_route=\/wp\/v2\/types\/page"}],"author":[{"embeddable":true,"href":"http:\/\/schnauzervondergrauenprinzessin.de\/index.php?rest_route=\/wp\/v2\/users\/1"}],"replies":[{"embeddable":true,"href":"http:\/\/schnauzervondergrauenprinzessin.de\/index.php?rest_route=%2Fwp%2Fv2%2Fcomments&post=11"}],"version-history":[{"count":9,"href":"http:\/\/schnauzervondergrauenprinzessin.de\/index.php?rest_route=\/wp\/v2\/pages\/11\/revisions"}],"predecessor-version":[{"id":426,"href":"http:\/\/schnauzervondergrauenprinzessin.de\/index.php?rest_route=\/wp\/v2\/pages\/11\/revisions\/426"}],"wp:attachment":[{"href":"http:\/\/schnauzervondergrauenprinzessin.de\/index.php?rest_route=%2Fwp%2Fv2%2Fmedia&parent=11"}],"curies":[{"name":"wp","href":"https:\/\/api.w.org\/{rel}","templated":true}]}}