{"id":19,"date":"2017-03-04T18:38:04","date_gmt":"2017-03-04T17:38:04","guid":{"rendered":"http:\/\/schnauzervondergrauenprinzessin.de\/?page_id=19"},"modified":"2017-03-06T18:00:41","modified_gmt":"2017-03-06T17:00:41","slug":"der-schnauzer","status":"publish","type":"page","link":"http:\/\/schnauzervondergrauenprinzessin.de\/?page_id=19","title":{"rendered":"Der Schnauzer"},"content":{"rendered":"<figure id=\"attachment_21\" aria-describedby=\"caption-attachment-21\" style=\"width: 300px\" class=\"wp-caption aligncenter\"><img loading=\"lazy\" decoding=\"async\" class=\"size-medium wp-image-21\" src=\"http:\/\/schnauzervondergrauenprinzessin.de\/wp-content\/uploads\/2017\/03\/DSC00947-300x199.jpg\" alt=\"\" width=\"300\" height=\"199\" srcset=\"http:\/\/schnauzervondergrauenprinzessin.de\/wp-content\/uploads\/2017\/03\/DSC00947-300x199.jpg 300w, http:\/\/schnauzervondergrauenprinzessin.de\/wp-content\/uploads\/2017\/03\/DSC00947-768x510.jpg 768w, http:\/\/schnauzervondergrauenprinzessin.de\/wp-content\/uploads\/2017\/03\/DSC00947-1024x680.jpg 1024w, http:\/\/schnauzervondergrauenprinzessin.de\/wp-content\/uploads\/2017\/03\/DSC00947-1200x797.jpg 1200w\" sizes=\"auto, (max-width: 300px) 100vw, 300px\" \/><figcaption id=\"caption-attachment-21\" class=\"wp-caption-text\">Holly und Isa<\/figcaption><\/figure>\n<p>Der Schnauzer hat seinen Ursprung in Deutschland. Fr\u00fcher war er ein Stallhund, der gerne Nagetiere jagte und daher den Namen \u201eRattler\u201c erhielt.<\/p>\n<p>Seine \u00e4u\u00dferen Merkmale sind die mittlere Gr\u00f6\u00dfe, kr\u00e4fig und eher gedrungen als schlank, mit rauhaarigem Fell, sowie ein voller Bart und kr\u00e4ftige Brauen. Der Schnauzbart ist sein auff\u00e4lligstes und typischstes Merkmal.<\/p>\n<p>Die charakteristischen Wesensz\u00fcge eines Schnauzers sind eine Mischung aus lebhaftem Temperament und einer bed\u00e4chtigen Ruhe. Durch diese Kombination ist er ein genauso guter Familienhund wie Wachhund.<\/p>\n<p>Die Widerristh\u00f6he von R\u00fcden und H\u00fcndinnen betr\u00e4gt ca. 45-50cm und das Gewicht sollte zwischen 14-20 kg liegen. Es gibt sie in den Farben pfeffer-salz und schwarz.<\/p>\n<p>&nbsp;<\/p>\n<p>Dann gibt es noch Zwergschnauzer in den Farben wei\u00df, pfeffer-salz, schwarz-silber und schwarz, sie haben eine Gr\u00f6\u00dfe von ca. 30-35cm und ein Gewicht von ca. 5-8kg.<\/p>\n<p>Und nicht zu vergessen die Riesenschnauzer, sie werden bis zu 60-70cm gro\u00df und haben ein Gewicht von ca. 35-47kg<\/p>\n","protected":false},"excerpt":{"rendered":"<p>Der Schnauzer hat seinen Ursprung in Deutschland. Fr\u00fcher war er ein Stallhund, der gerne Nagetiere jagte und daher den Namen \u201eRattler\u201c erhielt. Seine \u00e4u\u00dferen Merkmale sind die mittlere Gr\u00f6\u00dfe, kr\u00e4fig und eher gedrungen als schlank, mit rauhaarigem Fell, sowie ein voller Bart und kr\u00e4ftige Brauen. Der Schnauzbart ist sein auff\u00e4lligstes und typischstes Merkmal. Die charakteristischen &hellip; <\/p>\n<p class=\"link-more\"><a href=\"http:\/\/schnauzervondergrauenprinzessin.de\/?page_id=19\" class=\"more-link\"><span class=\"screen-reader-text\">\u201eDer Schnauzer\u201c <\/span>weiterlesen<\/a><\/p>\n","protected":false},"author":1,"featured_media":0,"parent":0,"menu_order":0,"comment_status":"closed","ping_status":"closed","template":"","meta":{"footnotes":""},"class_list":["post-19","page","type-page","status-publish","hentry"],"_links":{"self":[{"href":"http:\/\/schnauzervondergrauenprinzessin.de\/index.php?rest_route=\/wp\/v2\/pages\/19","targetHints":{"allow":["GET"]}}],"collection":[{"href":"http:\/\/schnauzervondergrauenprinzessin.de\/index.php?rest_route=\/wp\/v2\/pages"}],"about":[{"href":"http:\/\/schnauzervondergrauenprinzessin.de\/index.php?rest_route=\/wp\/v2\/types\/page"}],"author":[{"embeddable":true,"href":"http:\/\/schnauzervondergrauenprinzessin.de\/index.php?rest_route=\/wp\/v2\/users\/1"}],"replies":[{"embeddable":true,"href":"http:\/\/schnauzervondergrauenprinzessin.de\/index.php?rest_route=%2Fwp%2Fv2%2Fcomments&post=19"}],"version-history":[{"count":3,"href":"http:\/\/schnauzervondergrauenprinzessin.de\/index.php?rest_route=\/wp\/v2\/pages\/19\/revisions"}],"predecessor-version":[{"id":89,"href":"http:\/\/schnauzervondergrauenprinzessin.de\/index.php?rest_route=\/wp\/v2\/pages\/19\/revisions\/89"}],"wp:attachment":[{"href":"http:\/\/schnauzervondergrauenprinzessin.de\/index.php?rest_route=%2Fwp%2Fv2%2Fmedia&parent=19"}],"curies":[{"name":"wp","href":"https:\/\/api.w.org\/{rel}","templated":true}]}}