{"id":28,"date":"2017-03-04T18:46:43","date_gmt":"2017-03-04T17:46:43","guid":{"rendered":"http:\/\/schnauzervondergrauenprinzessin.de\/?page_id=28"},"modified":"2022-05-29T13:06:36","modified_gmt":"2022-05-29T11:06:36","slug":"unsere-welpen","status":"publish","type":"page","link":"http:\/\/schnauzervondergrauenprinzessin.de\/?page_id=28","title":{"rendered":"unsere Welpen"},"content":{"rendered":"<p>Unsere Welpen werden in unser Familienleben integriert. Die Pr\u00e4gungs- und Sozialisierungsphase erleben sie durch die Familie und nat\u00fcrlich auch durch Schnauzeroma Holly, Schnauzer &#8222;Tante&#8220; Isa, Schnauzertante Alice und Schnauzermama Anastasia und ihrem Nachwuchs Prinzessin Belle<\/p>\n<p>Sie k\u00f6nnen im Hof toben und spielen, den Garten erkunden und im Haus ihre Ruhepl\u00e4tze zum Schlafen finden. Sich um Spielzeug streiten, die Mama nerven, die Tanten \u00e4rgern, also alles wie im &#8222;richtigen&#8220; Leben.<\/p>\n<p>Sie werden durch den Kontakt mit Erwachsenen, Kindern, Besuchern, Nachbarn und allen Ger\u00e4uschen des Lebens innerhalb und au\u00dferhalb des Hauses und Gartens vertraut gemacht.<\/p>\n<p>So dass sie zu liebenswerten Weggef\u00e4hrten werden, deren nat\u00fcrliche Eigenschaften wie Neugierde und Intelligenz&nbsp;unser Leben bereichern.<\/p>\n\n\n<!--more-->\n\n\n\n<pre class=\"wp-block-code\"><code><a rel=\"noreferrer noopener\" href=\"http:\/\/schnauzervondergrauenprinzessin.de\/?page_id=195\" data-type=\"page\" data-id=\"195\" target=\"_blank\">Fotos A-Wurf<\/a>\n<a rel=\"noreferrer noopener\" href=\"http:\/\/schnauzervondergrauenprinzessin.de\/?page_id=259\" data-type=\"page\" data-id=\"259\" target=\"_blank\">Fotos vom B-Wurf<\/a>\n<a href=\"http:\/\/schnauzervondergrauenprinzessin.de\/?page_id=299\" data-type=\"page\" data-id=\"299\">Fotos vom C-Wurf<\/a><\/code><\/pre>\n","protected":false},"excerpt":{"rendered":"<p>Unsere Welpen werden in unser Familienleben integriert. Die Pr\u00e4gungs- und Sozialisierungsphase erleben sie durch die Familie und nat\u00fcrlich auch durch Schnauzeroma Holly, Schnauzer &#8222;Tante&#8220; Isa, Schnauzertante Alice und Schnauzermama Anastasia und ihrem Nachwuchs Prinzessin Belle Sie k\u00f6nnen im Hof toben und spielen, den Garten erkunden und im Haus ihre Ruhepl\u00e4tze zum Schlafen finden. Sich um &hellip; <\/p>\n<p class=\"link-more\"><a href=\"http:\/\/schnauzervondergrauenprinzessin.de\/?page_id=28\" class=\"more-link\"><span class=\"screen-reader-text\">\u201eunsere Welpen\u201c <\/span>weiterlesen<\/a><\/p>\n","protected":false},"author":1,"featured_media":0,"parent":0,"menu_order":0,"comment_status":"closed","ping_status":"closed","template":"","meta":{"footnotes":""},"class_list":["post-28","page","type-page","status-publish","hentry"],"_links":{"self":[{"href":"http:\/\/schnauzervondergrauenprinzessin.de\/index.php?rest_route=\/wp\/v2\/pages\/28","targetHints":{"allow":["GET"]}}],"collection":[{"href":"http:\/\/schnauzervondergrauenprinzessin.de\/index.php?rest_route=\/wp\/v2\/pages"}],"about":[{"href":"http:\/\/schnauzervondergrauenprinzessin.de\/index.php?rest_route=\/wp\/v2\/types\/page"}],"author":[{"embeddable":true,"href":"http:\/\/schnauzervondergrauenprinzessin.de\/index.php?rest_route=\/wp\/v2\/users\/1"}],"replies":[{"embeddable":true,"href":"http:\/\/schnauzervondergrauenprinzessin.de\/index.php?rest_route=%2Fwp%2Fv2%2Fcomments&post=28"}],"version-history":[{"count":7,"href":"http:\/\/schnauzervondergrauenprinzessin.de\/index.php?rest_route=\/wp\/v2\/pages\/28\/revisions"}],"predecessor-version":[{"id":325,"href":"http:\/\/schnauzervondergrauenprinzessin.de\/index.php?rest_route=\/wp\/v2\/pages\/28\/revisions\/325"}],"wp:attachment":[{"href":"http:\/\/schnauzervondergrauenprinzessin.de\/index.php?rest_route=%2Fwp%2Fv2%2Fmedia&parent=28"}],"curies":[{"name":"wp","href":"https:\/\/api.w.org\/{rel}","templated":true}]}}