{"id":4,"date":"2017-03-04T20:07:43","date_gmt":"2017-03-04T19:07:43","guid":{"rendered":"http:\/\/schnauzervondergrauenprinzessin.de\/?page_id=4"},"modified":"2017-03-07T10:28:49","modified_gmt":"2017-03-07T09:28:49","slug":"startseite","status":"publish","type":"page","link":"http:\/\/schnauzervondergrauenprinzessin.de\/","title":{"rendered":"Startseite"},"content":{"rendered":"<h3 style=\"text-align: center;\"><\/h3>\n<table width=\"100%\">\n<tbody>\n<tr>\n<td style=\"text-align: center;\" width=\"100%\">\n<p style=\"text-align: center;\"><span style=\"color: #ff0000;\"><strong>\u00a0<\/strong><\/span><\/p>\n<h2><strong><span style=\"color: #000000;\">Herzlich Willkommen auf unserer Homepage<\/span><\/strong><\/h2>\n<p><strong><span style=\"color: #000000;\">Schnauzer von der grauen Prinzessin<\/span><\/strong><\/p>\n<p>&nbsp;<\/p>\n<figure id=\"attachment_6\" aria-describedby=\"caption-attachment-6\" style=\"width: 199px\" class=\"wp-caption aligncenter\"><img loading=\"lazy\" decoding=\"async\" class=\"wp-image-6 size-medium\" src=\"http:\/\/schnauzervondergrauenprinzessin.de\/wp-content\/uploads\/2017\/03\/DSC00856-199x300.jpg\" width=\"199\" height=\"300\" srcset=\"http:\/\/schnauzervondergrauenprinzessin.de\/wp-content\/uploads\/2017\/03\/DSC00856-199x300.jpg 199w, http:\/\/schnauzervondergrauenprinzessin.de\/wp-content\/uploads\/2017\/03\/DSC00856-768x1156.jpg 768w, http:\/\/schnauzervondergrauenprinzessin.de\/wp-content\/uploads\/2017\/03\/DSC00856-680x1024.jpg 680w, http:\/\/schnauzervondergrauenprinzessin.de\/wp-content\/uploads\/2017\/03\/DSC00856-1200x1806.jpg 1200w\" sizes=\"auto, (max-width: 199px) 100vw, 199px\" \/><figcaption id=\"caption-attachment-6\" class=\"wp-caption-text\">Holly August 2012<\/figcaption><\/figure>\n<p style=\"text-align: center;\">\u00a0Sch\u00f6n, dass Sie sich f\u00fcr die Rasse der Schnauzer interessieren.<\/p>\n<p style=\"text-align: center;\">Auf unseren Seiten k\u00f6nnen Sie Wissenswertes \u00fcber die Rasse der Schnauzer\u00a0und auch Spezielles \u00fcber Schnauzer pfeffer-salz erfahren.<\/p>\n<p style=\"text-align: center;\">Doch schauen Sie sich ersteinmal um, haben Sie Spa\u00df an den Bildern und Infos rund um uns, sowie unseren Tieren.<\/p>\n<p style=\"text-align: center;\">Ihre<\/p>\n<p style=\"text-align: center;\">Jutta M\u00fcck-Sacher<\/p>\n<\/td>\n<\/tr>\n<tr>\n<td><\/td>\n<\/tr>\n<\/tbody>\n<\/table>\n","protected":false},"excerpt":{"rendered":"<p>\u00a0 Herzlich Willkommen auf unserer Homepage Schnauzer von der grauen Prinzessin &nbsp; \u00a0Sch\u00f6n, dass Sie sich f\u00fcr die Rasse der Schnauzer interessieren. Auf unseren Seiten k\u00f6nnen Sie Wissenswertes \u00fcber die Rasse der Schnauzer\u00a0und auch Spezielles \u00fcber Schnauzer pfeffer-salz erfahren. Doch schauen Sie sich ersteinmal um, haben Sie Spa\u00df an den Bildern und Infos rund um &hellip; <\/p>\n<p class=\"link-more\"><a href=\"http:\/\/schnauzervondergrauenprinzessin.de\/\" class=\"more-link\"><span class=\"screen-reader-text\">\u201eStartseite\u201c <\/span>weiterlesen<\/a><\/p>\n","protected":false},"author":1,"featured_media":0,"parent":0,"menu_order":0,"comment_status":"closed","ping_status":"closed","template":"","meta":{"footnotes":""},"class_list":["post-4","page","type-page","status-publish","hentry"],"_links":{"self":[{"href":"http:\/\/schnauzervondergrauenprinzessin.de\/index.php?rest_route=\/wp\/v2\/pages\/4","targetHints":{"allow":["GET"]}}],"collection":[{"href":"http:\/\/schnauzervondergrauenprinzessin.de\/index.php?rest_route=\/wp\/v2\/pages"}],"about":[{"href":"http:\/\/schnauzervondergrauenprinzessin.de\/index.php?rest_route=\/wp\/v2\/types\/page"}],"author":[{"embeddable":true,"href":"http:\/\/schnauzervondergrauenprinzessin.de\/index.php?rest_route=\/wp\/v2\/users\/1"}],"replies":[{"embeddable":true,"href":"http:\/\/schnauzervondergrauenprinzessin.de\/index.php?rest_route=%2Fwp%2Fv2%2Fcomments&post=4"}],"version-history":[{"count":9,"href":"http:\/\/schnauzervondergrauenprinzessin.de\/index.php?rest_route=\/wp\/v2\/pages\/4\/revisions"}],"predecessor-version":[{"id":103,"href":"http:\/\/schnauzervondergrauenprinzessin.de\/index.php?rest_route=\/wp\/v2\/pages\/4\/revisions\/103"}],"wp:attachment":[{"href":"http:\/\/schnauzervondergrauenprinzessin.de\/index.php?rest_route=%2Fwp%2Fv2%2Fmedia&parent=4"}],"curies":[{"name":"wp","href":"https:\/\/api.w.org\/{rel}","templated":true}]}}