{"id":46,"date":"2017-03-04T19:31:37","date_gmt":"2017-03-04T18:31:37","guid":{"rendered":"http:\/\/schnauzervondergrauenprinzessin.de\/?page_id=46"},"modified":"2023-06-20T13:55:55","modified_gmt":"2023-06-20T11:55:55","slug":"impressum","status":"publish","type":"page","link":"http:\/\/schnauzervondergrauenprinzessin.de\/?page_id=46","title":{"rendered":"Impressum"},"content":{"rendered":"<p>Angaben gem\u00e4\u00df \u00a7 5 TMG:<\/p>\n<p>Kontakt:<\/p>\n<p>Schnauzer von der grauen Prinzessin<\/p>\n<p>Jutta M\u00fcck-Sacher<\/p>\n<p>Hinter der Jungenstr. 1<\/p>\n<p>56218 M\u00fclheim-K\u00e4rlich<\/p>\n<p>+49 (0) 2632 \u2013 242923<\/p>\n<p>\u00a0<\/p>\n<p>schnauzervondergrauenprinzessin@email.de<\/p>\n<p>\u00a0<\/p>\n<p><b>Verantwortliche Redakteurinnen:<\/b><br \/>Jutta M\u00fcck-Sacher<br \/>Hinter der Jungenstr. 1<br \/>56218 M\u00fclheim-K\u00e4rlich<\/p>\n<p>Juliane Lindenblatt<br \/>Hinter der Jungenstr. 1<br \/>56218 M\u00fclheim-K\u00e4rlich<\/p>\n<p>\u00a0<\/p>\n<h3><span style=\"font-family: 'Verdana','sans-serif';\">Haftungsausschluss:<\/span><\/h3>\n<h3><span style=\"font-family: 'Verdana','sans-serif';\">Haftung f\u00fcr Inhalte<\/span><\/h3>\n<p><span style=\"font-family: 'Verdana','sans-serif';\">Gem\u00e4\u00df \u00a7 7 Abs.1 TMG tragen wir nach den allgemeinen Gesetzen die Verantwortung f\u00fcr eigene Inhalte auf diesen Seiten. Allerdings sind wir als Dienstanbieter nach \u00a7\u00a7 8 bis 10 TMG nicht verpflichtet, \u00fcbermittelte oder gespeicherte fremde Informationen zu \u00fcberwachen oder nach Umst\u00e4nden zu forschen, die auf eine rechtswidrige T\u00e4tigkeit hindeuten. Davon ausgeschlossen sind die Verpflichtungen zur Entfernung bzw. Sperrung der Nutzung von Informationen nach den allgemeinen Gesetzen. Diesbez\u00fcglich ist eine Haftung allerdings erst ab dem Zeitpunkt der Kenntnis einer konkreten Rechtsverletzung m\u00f6glich. Sollten wir von einer entsprechenden Rechtsverletzung erfahren, werden wir die betreffenden Inhalte umgehend entfernen.<\/span><\/p>\n<h3><span style=\"font-family: 'Verdana','sans-serif';\">Haftung f\u00fcr Links<\/span><\/h3>\n<p><span style=\"font-family: 'Verdana','sans-serif';\">Trotz sorgf\u00e4ltiger Kontrolle \u00fcbernehmen wir keine Haftung f\u00fcr externe Links, auf deren Inhalt wir keinen Einfluss haben. F\u00fcr den Inhalt der verlinkten Seiten sind ausschlie\u00dflich deren Betreiber verantwortlich. Zum Zeitpunkt der Verlinkung haben wir die externen Links auf m\u00f6gliche Rechtsverst\u00f6\u00dfe \u00fcberpr\u00fcft und konnten keine rechtswidrigen Inhalte feststellen. Ohne konkrete Anhaltspunkte ist eine durchgehende Kontrolle der Inhalte jedoch nicht zumutbar. Sollten wir diesbez\u00fcglich von einer Rechtsverletzung erfahren, werden wir die betreffenden Links umgehend entfernen.<\/span><\/p>\n<h3><span style=\"font-family: 'Verdana','sans-serif';\">Urheberrecht<\/span><\/h3>\n<p><span style=\"font-family: 'Verdana','sans-serif';\">Die Inhalte und Werke auf diesen Seiten, die durch die Seitenbetreiber erstellt wurden, unterliegen dem deutschen Urheberrecht. F\u00fcr die Vervielf\u00e4ltigung, Bearbeitung, Verbreitung und jede Art der Verwertung au\u00dferhalb des Urheberrechts ist in jedem Fall die schriftliche Zustimmung des Verfassers notwendig. Downloads und Kopien sind ausschlie\u00dflich f\u00fcr den privaten, nicht kommerziellen Gebrauch zugelassen. Inhalte Dritter werden als solche gekennzeichnet und unterliegen den Urheberrechten Dritter. Sollten wir diesbez\u00fcglich von einer Rechtsverletzung erfahren, werden wir die betreffenden Inhalte umgehend entfernen.<\/span><\/p>\n<p><span style=\"font-size: 7.0pt; font-family: 'Verdana','sans-serif';\">Quelle: <\/span><em><span style=\"color: black;\"><a href=\"http:\/\/www.rechtsanwalt.com\"><span style=\"font-size: 7.0pt; font-family: 'Verdana','sans-serif'; color: black;\">https:\/\/www.rechtsanwalt.com<\/span><\/a><\/span><\/em><\/p>\n<p>\u00a0<\/p>\n<p>\u00a0<\/p>\n\n\n<p><\/p>\n","protected":false},"excerpt":{"rendered":"<p>Angaben gem\u00e4\u00df \u00a7 5 TMG: Kontakt: Schnauzer von der grauen Prinzessin Jutta M\u00fcck-Sacher Hinter der Jungenstr. 1 56218 M\u00fclheim-K\u00e4rlich +49 (0) 2632 \u2013 242923 \u00a0 schnauzervondergrauenprinzessin@email.de \u00a0 Verantwortliche Redakteurinnen:Jutta M\u00fcck-SacherHinter der Jungenstr. 156218 M\u00fclheim-K\u00e4rlich Juliane LindenblattHinter der Jungenstr. 156218 M\u00fclheim-K\u00e4rlich \u00a0 Haftungsausschluss: Haftung f\u00fcr Inhalte Gem\u00e4\u00df \u00a7 7 Abs.1 TMG tragen wir nach den allgemeinen &hellip; <\/p>\n<p class=\"link-more\"><a href=\"http:\/\/schnauzervondergrauenprinzessin.de\/?page_id=46\" class=\"more-link\"><span class=\"screen-reader-text\">\u201eImpressum\u201c <\/span>weiterlesen<\/a><\/p>\n","protected":false},"author":1,"featured_media":0,"parent":0,"menu_order":0,"comment_status":"closed","ping_status":"closed","template":"","meta":{"footnotes":""},"class_list":["post-46","page","type-page","status-publish","hentry"],"_links":{"self":[{"href":"http:\/\/schnauzervondergrauenprinzessin.de\/index.php?rest_route=\/wp\/v2\/pages\/46","targetHints":{"allow":["GET"]}}],"collection":[{"href":"http:\/\/schnauzervondergrauenprinzessin.de\/index.php?rest_route=\/wp\/v2\/pages"}],"about":[{"href":"http:\/\/schnauzervondergrauenprinzessin.de\/index.php?rest_route=\/wp\/v2\/types\/page"}],"author":[{"embeddable":true,"href":"http:\/\/schnauzervondergrauenprinzessin.de\/index.php?rest_route=\/wp\/v2\/users\/1"}],"replies":[{"embeddable":true,"href":"http:\/\/schnauzervondergrauenprinzessin.de\/index.php?rest_route=%2Fwp%2Fv2%2Fcomments&post=46"}],"version-history":[{"count":9,"href":"http:\/\/schnauzervondergrauenprinzessin.de\/index.php?rest_route=\/wp\/v2\/pages\/46\/revisions"}],"predecessor-version":[{"id":348,"href":"http:\/\/schnauzervondergrauenprinzessin.de\/index.php?rest_route=\/wp\/v2\/pages\/46\/revisions\/348"}],"wp:attachment":[{"href":"http:\/\/schnauzervondergrauenprinzessin.de\/index.php?rest_route=%2Fwp%2Fv2%2Fmedia&parent=46"}],"curies":[{"name":"wp","href":"https:\/\/api.w.org\/{rel}","templated":true}]}}